{"id":12,"date":"2022-05-13T18:05:43","date_gmt":"2022-05-13T18:05:43","guid":{"rendered":"https:\/\/jesed.cat\/index.php\/donation-failed\/"},"modified":"2022-10-18T14:45:30","modified_gmt":"2022-10-18T14:45:30","slug":"error-en-donacion","status":"publish","type":"page","link":"https:\/\/jesed.cat\/index.php\/error-en-donacion\/","title":{"rendered":"Donaci\u00f3n no completada"},"content":{"rendered":"<p>Disculpe, pero ha sido imposible poder realizar la Donaci\u00f3n. Le rogamos que se ponga en contacto con nosotros para averiguar qu\u00e9 ha ocurrido. Puede utilizar nuestro <a href=\"http:\/\/jesed.cat\/index.php\/conocenos\/#contacto\">Formulario de Contacto<\/a>.<\/p>\n","protected":false},"excerpt":{"rendered":"<p>Disculpe, pero ha sido imposible poder realizar la Donaci\u00f3n. Le rogamos que se ponga en contacto con nosotros para averiguar qu\u00e9 ha ocurrido. Puede utilizar nuestro Formulario de Contacto.<\/p>\n","protected":false},"author":1,"featured_media":0,"parent":0,"menu_order":0,"comment_status":"closed","ping_status":"closed","template":"","meta":{"give_campaign_id":0,"footnotes":""},"class_list":["post-12","page","type-page","status-publish","hentry","description-off"],"campaignId":"","_links":{"self":[{"href":"https:\/\/jesed.cat\/index.php\/wp-json\/wp\/v2\/pages\/12","targetHints":{"allow":["GET"]}}],"collection":[{"href":"https:\/\/jesed.cat\/index.php\/wp-json\/wp\/v2\/pages"}],"about":[{"href":"https:\/\/jesed.cat\/index.php\/wp-json\/wp\/v2\/types\/page"}],"author":[{"embeddable":true,"href":"https:\/\/jesed.cat\/index.php\/wp-json\/wp\/v2\/users\/1"}],"replies":[{"embeddable":true,"href":"https:\/\/jesed.cat\/index.php\/wp-json\/wp\/v2\/comments?post=12"}],"version-history":[{"count":3,"href":"https:\/\/jesed.cat\/index.php\/wp-json\/wp\/v2\/pages\/12\/revisions"}],"predecessor-version":[{"id":1577,"href":"https:\/\/jesed.cat\/index.php\/wp-json\/wp\/v2\/pages\/12\/revisions\/1577"}],"wp:attachment":[{"href":"https:\/\/jesed.cat\/index.php\/wp-json\/wp\/v2\/media?parent=12"}],"curies":[{"name":"wp","href":"https:\/\/api.w.org\/{rel}","templated":true}]}}