{"id":1775,"date":"2022-10-25T12:04:11","date_gmt":"2022-10-25T12:04:11","guid":{"rendered":"https:\/\/jesed.cat\/index.php\/que-hacemos-copy\/"},"modified":"2022-11-04T13:09:09","modified_gmt":"2022-11-04T13:09:09","slug":"historia","status":"publish","type":"page","link":"https:\/\/jesed.cat\/index.php\/historia\/","title":{"rendered":"Historia"},"content":{"rendered":"<div class=\"wpb-content-wrapper\"><p>[vc_row bg_type=\u00bbimage\u00bb parallax_style=\u00bbvcpb-default\u00bb bg_image_new=\u00bbid^883|url^https:\/\/jesed.cat\/wp-content\/uploads\/2019\/07\/bg-art-church.png|caption^null|alt^null|title^bg-art-church|description^null\u00bb bg_image_repeat=\u00bbno-repeat\u00bb bg_override=\u00bbfull\u00bb enable_overlay=\u00bbenable_overlay_value\u00bb overlay_color=\u00bbrgba(52,66,30,0.5)\u00bb overlay_pattern_opacity=\u00bb10&#8243; css=\u00bb.vc_custom_1666111778179{padding-top: 15px !important;padding-bottom: 50px !important;}\u00bb][vc_column]<div id=\"ultimate-heading-850569dfc08a95e8c\" class=\"uvc-heading ult-adjust-bottom-margin ultimate-heading-850569dfc08a95e8c uvc-146 \" data-hspacer=\"no_spacer\"  data-halign=\"center\" style=\"text-align:center\"><div class=\"uvc-heading-spacer no_spacer\" style=\"top\"><\/div><div class=\"uvc-main-heading ult-responsive\"  data-ultimate-target='.uvc-heading.ultimate-heading-850569dfc08a95e8c h1'  data-responsive-json-new='{\"font-size\":\"desktop:70px;\",\"line-height\":\"desktop:80px;\"}' ><h1 style=\"--font-weight:theme;color:#ffffff;\">Historia<\/h1><\/div><\/div>[\/vc_column][\/vc_row][vc_row][vc_column]<div class=\"smile-icon-timeline-wrap csstime   tl-animation-slide-out\"     style=\"\"><div class=\"timeline-line \" style=\"border-right-color:;\"><span><\/span><\/div><div class=\"timeline-wrapper\"><div class=\"timeline-block \"><div class=\"timeline-dot\"><\/div><div class=\"ult-timeline-arrow\"><s><\/s><l><\/l><\/div><div class=\"timeline-icon-block\"><div class=\"ult-timeline-icon tl-icon-no-bg\" style=\"   \"><\/div> <!-- icon --><\/div><div class=\"timeline-header-block\" >\n\t\t\t\t\t\t\t<div id=\"timeline-item-1836\" class=\"timeline-header\" style=\"\"><h3 class=\"ult-timeline-title ult-responsive\"  data-ultimate-target='#timeline-item-1836 .ult-timeline-title'  data-responsive-json-new='{\"font-size\":\"\",\"line-height\":\"\"}'  style=\"\"><\/h3><div class=\"ult-responsive timeline-item-spt\"  data-ultimate-target='#timeline-item-1836 .timeline-item-spt'  data-responsive-json-new='{\"font-size\":\"\",\"line-height\":\"\"}'  style=\"\"><\/p>\n<h4><img loading=\"lazy\" decoding=\"async\" class=\"wp-image-1544 alignright\" src=\"https:\/\/jesed.cat\/wp-content\/uploads\/2022\/10\/Maria-Bernal-1o-coordinador-178x300.jpg\" alt=\"\" width=\"99\" height=\"167\" srcset=\"https:\/\/jesed.cat\/wp-content\/uploads\/2022\/10\/Maria-Bernal-1o-coordinador-178x300.jpg 178w, https:\/\/jesed.cat\/wp-content\/uploads\/2022\/10\/Maria-Bernal-1o-coordinador-606x1024.jpg 606w, https:\/\/jesed.cat\/wp-content\/uploads\/2022\/10\/Maria-Bernal-1o-coordinador-768x1298.jpg 768w, https:\/\/jesed.cat\/wp-content\/uploads\/2022\/10\/Maria-Bernal-1o-coordinador-909x1536.jpg 909w, https:\/\/jesed.cat\/wp-content\/uploads\/2022\/10\/Maria-Bernal-1o-coordinador.jpg 990w\" sizes=\"auto, (max-width: 99px) 100vw, 99px\" \/><strong>MARIA BERNAL (2005-2015)<\/strong><\/h4>\n<p><strong>Primera Coordinadora en ONG Jesed<\/strong><\/p>\n<p>En 2005 comenzamos con una primera etapa, se comienza en Sabadell norte en la Iglesia Evang\u00e9lica MEC donde repart\u00edamos a cientos de personas necesitadas en aquellos momentos. A los a\u00f1os comenzamos una segunda etapa donde ya nos consolidamos en la calle Bellver n\u00ba 3, tambi\u00e9n en Sabadell norte y donde ya trabajamos junto con Cerma y El Rebost Solidari del cual tambi\u00e9n era vocal, al mismo tiempo tambi\u00e9n empezamos a trabajar con Asuntos Sociales donde las personas necesitadas tendr\u00edan una cobertura garantizada de alimentos y otros cuidados y as\u00ed se establecer\u00eda un orden que mejorar\u00eda en todos los aspectos. En aquel tiempo se unieron muchos voluntarios con ganas de ayudar en JESED, as\u00ed fueron los comienzos, dif\u00edciles, pero con ganas, esfuerzo y entusiasmo se llevo a cabo esta labor tan importante y que hoy sigue vigente.<\/div><\/div> <!-- header --><\/div><\/div><div class=\"timeline-block \"><div class=\"timeline-dot\"><\/div><div class=\"ult-timeline-arrow\"><s><\/s><l><\/l><\/div><div class=\"timeline-icon-block\"><div class=\"ult-timeline-icon tl-icon-no-bg\" style=\"   \"><\/div> <!-- icon --><\/div><div class=\"timeline-header-block\" >\n\t\t\t\t\t\t\t<div id=\"timeline-item-4817\" class=\"timeline-header\" style=\"\"><h3 class=\"ult-timeline-title ult-responsive\"  data-ultimate-target='#timeline-item-4817 .ult-timeline-title'  data-responsive-json-new='{\"font-size\":\"\",\"line-height\":\"\"}'  style=\"\"><\/h3><div class=\"ult-responsive timeline-item-spt\"  data-ultimate-target='#timeline-item-4817 .timeline-item-spt'  data-responsive-json-new='{\"font-size\":\"\",\"line-height\":\"\"}'  style=\"\"><\/p>\n<h4><strong><img loading=\"lazy\" decoding=\"async\" class=\"wp-image-1545 alignleft\" src=\"https:\/\/jesed.cat\/wp-content\/uploads\/2022\/10\/Paco-ceba-2o-coordinador-e1666812693128-228x300.jpg\" alt=\"\" width=\"125\" height=\"164\" srcset=\"https:\/\/jesed.cat\/wp-content\/uploads\/2022\/10\/Paco-ceba-2o-coordinador-e1666812693128-228x300.jpg 228w, https:\/\/jesed.cat\/wp-content\/uploads\/2022\/10\/Paco-ceba-2o-coordinador-e1666812693128.jpg 243w\" sizes=\"auto, (max-width: 125px) 100vw, 125px\" \/>PACO CEBA (2015-2021)<\/strong><\/h4>\n<p><strong>Segundo Coordinador en ONG Jesed<\/strong><\/p>\n<p>En 2015 Paco Ceba se incorpora como coordinador en JESED, llevando a cabo la misi\u00f3n de avanzar a\u00fan m\u00e1s en el \u00e1mbito de ayuda asistencial para personas necesitadas. En aquellos a\u00f1os se incorpora Ecoaliment, un programa informatizado para el registro alimentario y en combinaci\u00f3n tambi\u00e9n con asuntos sociales, donde podemos actuar y trabajar de la mano. Se implemento alimentos, ropa, calzado, productos de limpieza y aseo a trav\u00e9s de empresas externas para poder satisfacer a\u00fan m\u00e1s las necesidades b\u00e1sicas. Tambi\u00e9n se acomod\u00f3, arreglo y agrando mucho mejor el local de asistencia alimentaria JESED con voluntarios y personas que desinteresadas ayudaban para mejorar el local. Han sido a\u00f1os intensos de pasi\u00f3n por ayudar a mejorar la labor de ayuda a personas con mucha necesidad.<\/div><\/div> <!-- header --><\/div><\/div><div class=\"timeline-block \"><div class=\"timeline-dot\"><\/div><div class=\"ult-timeline-arrow\"><s><\/s><l><\/l><\/div><div class=\"timeline-icon-block\"><div class=\"ult-timeline-icon tl-icon-no-bg\" style=\"   \"><\/div> <!-- icon --><\/div><div class=\"timeline-header-block\" >\n\t\t\t\t\t\t\t<div id=\"timeline-item-3015\" class=\"timeline-header\" style=\"\"><h3 class=\"ult-timeline-title ult-responsive\"  data-ultimate-target='#timeline-item-3015 .ult-timeline-title'  data-responsive-json-new='{\"font-size\":\"\",\"line-height\":\"\"}'  style=\"\"><\/h3><div class=\"ult-responsive timeline-item-spt\"  data-ultimate-target='#timeline-item-3015 .timeline-item-spt'  data-responsive-json-new='{\"font-size\":\"\",\"line-height\":\"\"}'  style=\"\"><img loading=\"lazy\" decoding=\"async\" class=\" wp-image-1543 alignright\" src=\"https:\/\/jesed.cat\/wp-content\/uploads\/2022\/10\/Jordi-zamora-3o-coordinador-213x300.jpg\" alt=\"\" width=\"123\" height=\"173\" srcset=\"https:\/\/jesed.cat\/wp-content\/uploads\/2022\/10\/Jordi-zamora-3o-coordinador-213x300.jpg 213w, https:\/\/jesed.cat\/wp-content\/uploads\/2022\/10\/Jordi-zamora-3o-coordinador-726x1024.jpg 726w, https:\/\/jesed.cat\/wp-content\/uploads\/2022\/10\/Jordi-zamora-3o-coordinador-768x1084.jpg 768w, https:\/\/jesed.cat\/wp-content\/uploads\/2022\/10\/Jordi-zamora-3o-coordinador.jpg 842w\" sizes=\"auto, (max-width: 123px) 100vw, 123px\" \/><\/p>\n<h4><strong>JORDI ZAMORA (desde 2021)<\/strong><\/h4>\n<p><strong>Tercer Coordinador en ONG Jesed<\/strong><\/p>\n<p>En 2021 Jordi se incorpora a JESED, creo sinceramente un privilegio el poder estar en este lugar, poder contribuir a que este proyecto crezca y poder mejorar una cobertura en todos los aspectos m\u00e1s amplia a personas vulnerables. Tenemos tambi\u00e9n grupo de direcci\u00f3n y de voluntarios muy humano y servicial con capacidades excelentes para este proyecto, s\u00e9 que juntos daremos lo mejor para el buen funcionamiento en JESED.<\/div><\/div> <!-- header --><\/div><\/div><\/div><\/div>[\/vc_column][\/vc_row]<\/p>\n<\/div>","protected":false},"excerpt":{"rendered":"<p>[vc_row bg_type=\u00bbimage\u00bb parallax_style=\u00bbvcpb-default\u00bb bg_image_new=\u00bbid^883|url^https:\/\/jesed.cat\/wp-content\/uploads\/2019\/07\/bg-art-church.png|caption^null|alt^null|title^bg-art-church|description^null\u00bb bg_image_repeat=\u00bbno-repeat\u00bb bg_override=\u00bbfull\u00bb enable_overlay=\u00bbenable_overlay_value\u00bb overlay_color=\u00bbrgba(52,66,30,0.5)\u00bb overlay_pattern_opacity=\u00bb10&#8243; css=\u00bb.vc_custom_1666111778179{padding-top: 15px !important;padding-bottom: 50px !important;}\u00bb][vc_column][\/vc_column][\/vc_row][vc_row][vc_column][\/vc_column][\/vc_row]<\/p>\n","protected":false},"author":1,"featured_media":0,"parent":0,"menu_order":0,"comment_status":"closed","ping_status":"closed","template":"","meta":{"give_campaign_id":0,"footnotes":""},"class_list":["post-1775","page","type-page","status-publish","hentry","description-off"],"campaignId":"","_links":{"self":[{"href":"https:\/\/jesed.cat\/index.php\/wp-json\/wp\/v2\/pages\/1775","targetHints":{"allow":["GET"]}}],"collection":[{"href":"https:\/\/jesed.cat\/index.php\/wp-json\/wp\/v2\/pages"}],"about":[{"href":"https:\/\/jesed.cat\/index.php\/wp-json\/wp\/v2\/types\/page"}],"author":[{"embeddable":true,"href":"https:\/\/jesed.cat\/index.php\/wp-json\/wp\/v2\/users\/1"}],"replies":[{"embeddable":true,"href":"https:\/\/jesed.cat\/index.php\/wp-json\/wp\/v2\/comments?post=1775"}],"version-history":[{"count":6,"href":"https:\/\/jesed.cat\/index.php\/wp-json\/wp\/v2\/pages\/1775\/revisions"}],"predecessor-version":[{"id":1829,"href":"https:\/\/jesed.cat\/index.php\/wp-json\/wp\/v2\/pages\/1775\/revisions\/1829"}],"wp:attachment":[{"href":"https:\/\/jesed.cat\/index.php\/wp-json\/wp\/v2\/media?parent=1775"}],"curies":[{"name":"wp","href":"https:\/\/api.w.org\/{rel}","templated":true}]}}