{"id":1786,"date":"2022-10-25T12:13:32","date_gmt":"2022-10-25T12:13:32","guid":{"rendered":"https:\/\/jesed.cat\/index.php\/conocenos-copy\/"},"modified":"2022-11-04T13:07:27","modified_gmt":"2022-11-04T13:07:27","slug":"que-hacemos","status":"publish","type":"page","link":"https:\/\/jesed.cat\/index.php\/que-hacemos\/","title":{"rendered":"\u00bfQu\u00e9 hacemos?"},"content":{"rendered":"<div class=\"wpb-content-wrapper\"><p>[vc_row bg_type=\u00bbimage\u00bb parallax_style=\u00bbvcpb-default\u00bb bg_image_new=\u00bbid^883|url^https:\/\/jesed.cat\/wp-content\/uploads\/2019\/07\/bg-art-church.png|caption^null|alt^null|title^bg-art-church|description^null\u00bb bg_image_repeat=\u00bbno-repeat\u00bb bg_override=\u00bbfull\u00bb enable_overlay=\u00bbenable_overlay_value\u00bb overlay_color=\u00bbrgba(52,66,30,0.5)\u00bb overlay_pattern_opacity=\u00bb10&#8243; css=\u00bb.vc_custom_1666111778179{padding-top: 15px !important;padding-bottom: 50px !important;}\u00bb][vc_column]<div id=\"ultimate-heading-865969e372f46c45b\" class=\"uvc-heading ult-adjust-bottom-margin ultimate-heading-865969e372f46c45b uvc-4093 \" data-hspacer=\"no_spacer\"  data-halign=\"center\" style=\"text-align:center\"><div class=\"uvc-heading-spacer no_spacer\" style=\"top\"><\/div><div class=\"uvc-main-heading ult-responsive\"  data-ultimate-target='.uvc-heading.ultimate-heading-865969e372f46c45b h1'  data-responsive-json-new='{\"font-size\":\"desktop:70px;\",\"line-height\":\"desktop:80px;\"}' ><h1 style=\"--font-weight:theme;color:#ffffff;\">\u00bfQu\u00e9 hacemos?<\/h1><\/div><\/div>[\/vc_column][\/vc_row][vc_row][vc_column width=\u00bb1\/4&#8243;][vc_single_image image=\u00bb1852&#8243; img_size=\u00bbfull\u00bb][vc_column_text css=\u00bb.vc_custom_1666983231573{margin-top: -20px !important;}\u00bb]<em><strong>Paco Lobato<\/strong>, presidente de JESED<br \/>\n<\/em><img loading=\"lazy\" decoding=\"async\" class=\"alignnone wp-image-1856\" src=\"https:\/\/jesed.cat\/wp-content\/uploads\/2022\/10\/email_presidencia.png\" alt=\"\" width=\"164\" height=\"22\" \/>[\/vc_column_text][\/vc_column][vc_column width=\u00bb3\/4&#8243;][vc_column_text]<strong>Jesed-ONG<\/strong> es una Asociaci\u00f3n sin \u00e1nimo de lucro de ayuda humanitaria, c\u00edvica y asistencial creada en el a\u00f1o 2004 y vinculada a <em>Misi\u00f3n Evang\u00e9lica de Catalunya<\/em>, que viene apoyando y sosteniendo su labor desde su fundaci\u00f3n.<\/p>\n<p>La distribuci\u00f3n de alimentos y otros productos de primera necesidad, as\u00ed como una colaboraci\u00f3n puntual con proyectos de cooperaci\u00f3n internacional o el reparto de juguetes a ni\u00f1os desfavorecidos en Navidad, han sido los ejes principales que han vertebrado la labor que <strong>Jesed-ONG<\/strong> viene desarrollando, contribuyendo as\u00ed en paliar los efectos de las duras crisis, financiera y econ\u00f3mica, experimentadas en los \u00faltimos veinte a\u00f1os y que tanto est\u00e1n afectando, especialmente, a las personas y familias m\u00e1s vulnerables.<\/p>\n<p>En colaboraci\u00f3n con los Servicios Sociales del Ayuntamiento de Sabadell, han sido miles los usuarios beneficiarios a los que se ha ofrecido atenci\u00f3n, siendo <strong>Jesed-ONG<\/strong> la entidad referente del sector norte de la ciudad en lo que a distribuci\u00f3n de ayuda a personas y familias necesitadas se refiere. Cada uno de estos hogares que, l\u00f3gicamente, est\u00e1n integrados por diversos miembros en su unidad familiar, son provistos de lotes completos de alimentos b\u00e1sicos, que favorecen una alimentaci\u00f3n equilibrada y saludable (arroz, leche, frutas, verduras, pasta, alimentos frescos y congelados, etc), as\u00ed como de productos para la higiene personal o dom\u00e9stica y, aunque en menor medida, de ropa y calzado.<\/p>\n<p>Asimismo, adem\u00e1s de contribuir con la Administraci\u00f3n p\u00fablica, <strong>Jesed-ONG<\/strong>, de manera transversal, lleva a cabo con otras entidades del Tercer Sector y con entidades vecinales del Distrito Tres de la ciudad de Sabadell, diversas formas de colaboraci\u00f3n y cooperaci\u00f3n, con quienes desarrollan labores de car\u00e1cter social, c\u00edvico, asistencial y humanitario.<\/p>\n<p>Para finalizar esta breve presentaci\u00f3n, invito a contactar con el equipo de <strong>Jesed-ONG<\/strong> a quien desee conocer mejor o m\u00e1s de cerca la labor realizada y tambi\u00e9n a quien desee contribuir con los programas de ayuda que se vienen realizando, ya sea en el \u00e1mbito del voluntariado o bien econ\u00f3micamente, con el fin de garantizar la sostenibilidad de la entidad.[\/vc_column_text][\/vc_column][\/vc_row]<\/p>\n<\/div>","protected":false},"excerpt":{"rendered":"<p>[vc_row bg_type=\u00bbimage\u00bb parallax_style=\u00bbvcpb-default\u00bb bg_image_new=\u00bbid^883|url^https:\/\/jesed.cat\/wp-content\/uploads\/2019\/07\/bg-art-church.png|caption^null|alt^null|title^bg-art-church|description^null\u00bb bg_image_repeat=\u00bbno-repeat\u00bb bg_override=\u00bbfull\u00bb enable_overlay=\u00bbenable_overlay_value\u00bb overlay_color=\u00bbrgba(52,66,30,0.5)\u00bb overlay_pattern_opacity=\u00bb10&#8243; css=\u00bb.vc_custom_1666111778179{padding-top: 15px !important;padding-bottom: 50px !important;}\u00bb][vc_column][\/vc_column][\/vc_row][vc_row][vc_column width=\u00bb1\/4&#8243;][vc_single_image image=\u00bb1852&#8243; img_size=\u00bbfull\u00bb][vc_column_text css=\u00bb.vc_custom_1666983231573{margin-top: -20px !important;}\u00bb]Paco Lobato, presidente de JESED [\/vc_column_text][\/vc_column][vc_column width=\u00bb3\/4&#8243;][vc_column_text]Jesed-ONG es una Asociaci\u00f3n sin \u00e1nimo de lucro de ayuda humanitaria, c\u00edvica y asistencial creada en el a\u00f1o 2004 y vinculada a Misi\u00f3n Evang\u00e9lica de Catalunya, que viene apoyando y&hellip;<\/p>\n","protected":false},"author":1,"featured_media":0,"parent":0,"menu_order":0,"comment_status":"closed","ping_status":"closed","template":"","meta":{"give_campaign_id":0,"footnotes":""},"class_list":["post-1786","page","type-page","status-publish","hentry","description-off"],"campaignId":"","_links":{"self":[{"href":"https:\/\/jesed.cat\/index.php\/wp-json\/wp\/v2\/pages\/1786","targetHints":{"allow":["GET"]}}],"collection":[{"href":"https:\/\/jesed.cat\/index.php\/wp-json\/wp\/v2\/pages"}],"about":[{"href":"https:\/\/jesed.cat\/index.php\/wp-json\/wp\/v2\/types\/page"}],"author":[{"embeddable":true,"href":"https:\/\/jesed.cat\/index.php\/wp-json\/wp\/v2\/users\/1"}],"replies":[{"embeddable":true,"href":"https:\/\/jesed.cat\/index.php\/wp-json\/wp\/v2\/comments?post=1786"}],"version-history":[{"count":18,"href":"https:\/\/jesed.cat\/index.php\/wp-json\/wp\/v2\/pages\/1786\/revisions"}],"predecessor-version":[{"id":1859,"href":"https:\/\/jesed.cat\/index.php\/wp-json\/wp\/v2\/pages\/1786\/revisions\/1859"}],"wp:attachment":[{"href":"https:\/\/jesed.cat\/index.php\/wp-json\/wp\/v2\/media?parent=1786"}],"curies":[{"name":"wp","href":"https:\/\/api.w.org\/{rel}","templated":true}]}}