{"id":1811,"date":"2022-10-26T16:19:17","date_gmt":"2022-10-26T16:19:17","guid":{"rendered":"https:\/\/jesed.cat\/index.php\/hazte-socio-copy\/"},"modified":"2022-11-04T12:56:03","modified_gmt":"2022-11-04T12:56:03","slug":"quieres-ser-voluntario","status":"publish","type":"page","link":"https:\/\/jesed.cat\/index.php\/quieres-ser-voluntario\/","title":{"rendered":"Hazte Voluntario"},"content":{"rendered":"<div class=\"wpb-content-wrapper\"><p>[vc_row bg_type=\u00bbimage\u00bb parallax_style=\u00bbvcpb-default\u00bb bg_image_new=\u00bbid^883|url^https:\/\/jesed.cat\/wp-content\/uploads\/2019\/07\/bg-art-church.png|caption^null|alt^null|title^bg-art-church|description^null\u00bb bg_image_repeat=\u00bbno-repeat\u00bb bg_override=\u00bbfull\u00bb enable_overlay=\u00bbenable_overlay_value\u00bb overlay_color=\u00bbrgba(52,66,30,0.5)\u00bb overlay_pattern_opacity=\u00bb10&#8243; css=\u00bb.vc_custom_1666111778179{padding-top: 15px !important;padding-bottom: 50px !important;}\u00bb][vc_column]<div id=\"ultimate-heading-472669dfc71f5b71f\" class=\"uvc-heading ult-adjust-bottom-margin ultimate-heading-472669dfc71f5b71f uvc-5497 \" data-hspacer=\"no_spacer\"  data-halign=\"center\" style=\"text-align:center\"><div class=\"uvc-heading-spacer no_spacer\" style=\"top\"><\/div><div class=\"uvc-main-heading ult-responsive\"  data-ultimate-target='.uvc-heading.ultimate-heading-472669dfc71f5b71f h1'  data-responsive-json-new='{\"font-size\":\"desktop:70px;\",\"line-height\":\"desktop:80px;\"}' ><h1 style=\"--font-weight:theme;color:#ffffff;\">Hazte Voluntario<\/h1><\/div><\/div>[\/vc_column][\/vc_row][vc_row][vc_column][vc_column_text]Contacta con nosotros rellenando el Formulario de Contacto con tus datos, y expr\u00e9sanos tu motivaci\u00f3n..[\/vc_column_text][\/vc_column][\/vc_row][vc_row full_width=\u00bbstretch_row\u00bb equal_height=\u00bbyes\u00bb content_placement=\u00bbtop\u00bb bg_type=\u00bbimage\u00bb parallax_style=\u00bbvcpb-default\u00bb bg_image_repeat=\u00bbno-repeat\u00bb bg_image_size=\u00bbinitial\u00bb bg_image_posiiton=\u00bbright bottom\u00bb][vc_column css=\u00bb.vc_custom_1562003235102{margin-bottom: 50px !important;}\u00bb][vc_column_text]<div class='fluentform ff-default fluentform_wrapper_1 ffs_default_wrap'><form data-form_id=\"1\" id=\"fluentform_1\" class=\"frm-fluent-form fluent_form_1 ff-el-form-top ff_form_instance_1_1 ff-form-loading ffs_default\" data-form_instance=\"ff_form_instance_1_1\" method=\"POST\" ><fieldset  style=\"border: none!important;margin: 0!important;padding: 0!important;background-color: transparent!important;box-shadow: none!important;outline: none!important; min-inline-size: 100%;\">\n                    <legend class=\"ff_screen_reader_title\" style=\"display: block; margin: 0!important;padding: 0!important;height: 0!important;text-indent: -999999px;width: 0!important;overflow:hidden;\">Hazte Voluntario<\/legend><input type='hidden' name='__fluent_form_embded_post_id' value='1811' \/><input type=\"hidden\" id=\"_fluentform_1_fluentformnonce\" name=\"_fluentform_1_fluentformnonce\" value=\"bf0d5ca6cb\" \/><input type=\"hidden\" name=\"_wp_http_referer\" value=\"\/index.php\/wp-json\/wp\/v2\/pages\/1811\" \/><div data-type=\"name-element\" data-name=\"names\" class=\" ff-field_container ff-name-field-wrapper\" ><div class='ff-t-container'><div class='ff-t-cell '><div class='ff-el-group'><div class=\"ff-el-input--label ff-el-is-required asterisk-right\"><label for='ff_1_names_first_name_' id='label_ff_1_names_first_name_' >Nombre<\/label><\/div><div class='ff-el-input--content'><input type=\"text\" name=\"names[first_name]\" id=\"ff_1_names_first_name_\" class=\"ff-el-form-control\" aria-invalid=\"false\" aria-required=true><\/div><\/div><\/div><div class='ff-t-cell '><div class='ff-el-group'><div class=\"ff-el-input--label ff-el-is-required asterisk-right\"><label for='ff_1_names_middle_name_' id='label_ff_1_names_middle_name_' >Primer Apellido<\/label><\/div><div class='ff-el-input--content'><input type=\"text\" name=\"names[middle_name]\" id=\"ff_1_names_middle_name_\" class=\"ff-el-form-control\" aria-invalid=\"false\" aria-required=true><\/div><\/div><\/div><div class='ff-t-cell '><div class='ff-el-group'><div class=\"ff-el-input--label asterisk-right\"><label for='ff_1_names_last_name_' id='label_ff_1_names_last_name_' >Segundo Apellido<\/label><\/div><div class='ff-el-input--content'><input type=\"text\" name=\"names[last_name]\" id=\"ff_1_names_last_name_\" class=\"ff-el-form-control\" aria-invalid=\"false\" aria-required=false><\/div><\/div><\/div><\/div><\/div><div data-name=\"ff_cn_id_1\"  class='ff-t-container ff-column-container ff_columns_total_3 '><div class='ff-t-cell ff-t-column-1' style='flex-basis: 33.33%;'><div class='ff-el-group'><div class=\"ff-el-input--label ff-el-is-required asterisk-right\"><label for='ff_1_datetime' id='label_ff_1_datetime' aria-label=\"Fecha de nacimiento\">Fecha de nacimiento<\/label><\/div><div class='ff-el-input--content'><input  aria-label='Fecha de nacimiento Usa las flechas para navegar por las fechas. Pulsa Intro para seleccionar una fecha.'  aria-haspopup='dialog' data-type-datepicker data-format='d\/m\/Y' type=\"text\" name=\"datetime\" id=\"ff_1_datetime\" class=\"ff-el-form-control ff-el-datepicker\" data-name=\"datetime\"  aria-invalid='false' aria-required=true><\/div><\/div><div class='ff-el-group'><div class=\"ff-el-input--label ff-el-is-required asterisk-right\"><label for='ff_1_dropdown_1' id='label_ff_1_dropdown_1' aria-label=\"Sexo\">Sexo<\/label><\/div><div class='ff-el-input--content'><select name=\"dropdown_1\" id=\"ff_1_dropdown_1\" class=\"ff-el-form-control\" data-name=\"dropdown_1\" data-calc_value=\"0\"  aria-invalid=\"false\" aria-required=\"true\" aria-labelledby=\"label_ff_1_dropdown_1\"><option value=\"\">Seleccione el sexo<\/option><option value=\"Hombre\"  >Hombre<\/option><option value=\"Mujer\"  >Mujer<\/option><\/select><\/div><\/div><\/div><div class='ff-t-cell ff-t-column-2' style='flex-basis: 33.33%;'><div class='ff-el-group'><div class=\"ff-el-input--label ff-el-is-required asterisk-right\"><label for='ff_1_dropdown' id='label_ff_1_dropdown' aria-label=\"Tipo de documento\">Tipo de documento<\/label><\/div><div class='ff-el-input--content'><select name=\"dropdown\" id=\"ff_1_dropdown\" class=\"ff-el-form-control\" data-name=\"dropdown\" data-calc_value=\"0\"  aria-invalid=\"false\" aria-required=\"true\" aria-labelledby=\"label_ff_1_dropdown\"><option value=\"\">Seleccione tipo de documento<\/option><option value=\"DNI\"  >DNI<\/option><option value=\"NIE\"  >NIE<\/option><option value=\"Pasaporte\"  >Pasaporte<\/option><\/select><\/div><\/div><div class='ff-el-group'><div class=\"ff-el-input--label ff-el-is-required asterisk-right\"><label for='ff_1_input_text_1' id='label_ff_1_input_text_1' aria-label=\"Tel\u00e9fono de contacto\">Tel\u00e9fono de contacto<\/label><\/div><div class='ff-el-input--content'><input type=\"text\" name=\"input_text_1\" class=\"ff-el-form-control\" maxlength=\"15\" data-name=\"input_text_1\" id=\"ff_1_input_text_1\"  aria-invalid=\"false\" aria-required=true><\/div><\/div><\/div><div class='ff-t-cell ff-t-column-3' style='flex-basis: 33.33%;'><div class='ff-el-group'><div class=\"ff-el-input--label ff-el-is-required asterisk-right\"><label for='ff_1_input_text' id='label_ff_1_input_text' aria-label=\"N\u00famero de documento\">N\u00famero de documento<\/label><\/div><div class='ff-el-input--content'><input type=\"text\" name=\"input_text\" class=\"ff-el-form-control\" data-name=\"input_text\" id=\"ff_1_input_text\"  aria-invalid=\"false\" aria-required=true><\/div><\/div><div class='ff-el-group'><div class=\"ff-el-input--label ff-el-is-required asterisk-right\"><label for='ff_1_email' id='label_ff_1_email' aria-label=\"Correo electr\u00f3nico\">Correo electr\u00f3nico<\/label><\/div><div class='ff-el-input--content'><input type=\"email\" name=\"email\" id=\"ff_1_email\" class=\"ff-el-form-control\" data-name=\"email\"  aria-invalid=\"false\" aria-required=true><\/div><\/div><\/div><\/div><div class='ff-el-group'><div class=\"ff-el-input--label asterisk-right\"><label for='ff_1_description' id='label_ff_1_description' aria-label=\"Comentarios\">Comentarios<\/label><\/div><div class='ff-el-input--content'><textarea aria-required=\"false\" aria-labelledby=\"label_ff_1_description\" name=\"description\" id=\"ff_1_description\" class=\"ff-el-form-control\" rows=\"3\" cols=\"1\" data-name=\"description\" ><\/textarea><\/div><\/div><div class='ff-el-group'><div class=\"ff-el-input--label asterisk-right\"><label   aria-label=\"Aceptaci\u00f3n de uso de datos\">Aceptaci\u00f3n de uso de datos<\/label><\/div><div class='ff-el-input--content'><div class='ff-el-form-check ff-el-form-check-'><label class='ff-el-form-check-label' for='checkbox_32e53298c17a2990e4e2bf198e56883d'><input  type=\"checkbox\" name=\"checkbox[]\" data-name=\"checkbox\" class=\"ff-el-form-check-input ff-el-form-check-checkbox\" value=\"Consiento que Jesed ONG trate los datos introducidos para el env\u00edo de comunicados.\"  id='checkbox_32e53298c17a2990e4e2bf198e56883d' aria-label='Consiento que Jesed ONG trate los datos introducidos para el env\u00edo de comunicados.' aria-invalid='false' aria-required=false> <span>Consiento que Jesed ONG trate los datos introducidos para el env\u00edo de comunicados.<\/span><\/label><\/div><\/div><\/div><div class='ff-el-group'><div class=\"ff-el-input--label ff-el-is-required asterisk-right\"><label   aria-label=\"Certifico que:\">Certifico que:<\/label><\/div><div class='ff-el-input--content'><div class='ff-el-form-check ff-el-form-check-'><label class='ff-el-form-check-label' for='checkbox_1_86f231c5d30950e7fe2bef9f50ec54f4'><input  type=\"checkbox\" name=\"checkbox_1[]\" data-name=\"checkbox_1\" class=\"ff-el-form-check-input ff-el-form-check-checkbox\" value=\"Que la persona cuyos datos figuran como titular de la cuenta de usuario carece de antecedentes penales por cualquiera de los delitos a que hace referencia el apartado 5\u00ba del art\u00edculo 8 de la Ley 45\/2015, de 14 de octubre, de Voluntariado, el cual se\u00f1ala textualmente que : &quot;No podr\u00e1n ser voluntarias las personas que tengan antecedentes penales no cancelados por delitos de violencia dom\u00e9stica o de g\u00e9nero, por atentar contra la vida, la integridad f\u00edsica, la libertad, la integridad moral o la libertad e indemnidad sexual del otro c\u00f3nyuge o de los hijos, o por delitos de tr\u00e1fico ilegal o inmigraci\u00f3n clandestina de personas, o por delitos de terrorismo en programas cuyos destinatarios hayan sido o puedan ser v\u00edctimas de estos delitos&quot;\"  id='checkbox_1_86f231c5d30950e7fe2bef9f50ec54f4' aria-label='Que la persona cuyos datos figuran como titular de la cuenta de usuario carece de antecedentes penales por cualquiera de los delitos a que hace referencia el apartado 5\u00ba del art\u00edculo 8 de la Ley 45\/2015, de 14 de octubre, de Voluntariado, el cual se\u00f1ala textualmente que : &quot;No podr\u00e1n ser voluntarias las personas que tengan antecedentes penales no cancelados por delitos de violencia dom\u00e9stica o de g\u00e9nero, por atentar contra la vida, la integridad f\u00edsica, la libertad, la integridad moral o la libertad e indemnidad sexual del otro c\u00f3nyuge o de los hijos, o por delitos de tr\u00e1fico ilegal o inmigraci\u00f3n clandestina de personas, o por delitos de terrorismo en programas cuyos destinatarios hayan sido o puedan ser v\u00edctimas de estos delitos&quot;' aria-invalid='false' aria-required=true> <span>Que la persona cuyos datos figuran como titular de la cuenta de usuario carece de antecedentes penales por cualquiera de los delitos a que hace referencia el apartado 5\u00ba del art\u00edculo 8 de la Ley 45\/2015, de 14 de octubre, de Voluntariado, el cual se\u00f1ala textualmente que : \"No podr\u00e1n ser voluntarias las personas que tengan antecedentes penales no cancelados por delitos de violencia dom\u00e9stica o de g\u00e9nero, por atentar contra la vida, la integridad f\u00edsica, la libertad, la integridad moral o la libertad e indemnidad sexual del otro c\u00f3nyuge o de los hijos, o por delitos de tr\u00e1fico ilegal o inmigraci\u00f3n clandestina de personas, o por delitos de terrorismo en programas cuyos destinatarios hayan sido o puedan ser v\u00edctimas de estos delitos\"<\/span><\/label><\/div><\/div><\/div><div class='ff-el-group ' ><div class='ff-el-input--content'><div data-fluent_id='1' name='g-recaptcha-response'><div\n\t\tdata-sitekey='6LeVhMAiAAAAAC2aJDwrUr4e85ipoztYnUmnajE3'\n\t\tid='fluentform-recaptcha-1-1'\n\t\tclass='ff-el-recaptcha g-recaptcha'\n\t\tdata-callback='fluentFormrecaptchaSuccessCallback'><\/div><\/div><\/div><\/div><div class='ff-el-group ff-text-left ff_submit_btn_wrapper'><button type=\"submit\" class=\"ff-btn ff-btn-submit ff-btn-md ff_btn_style\"  aria-label=\"Enviar Solicitud\">Enviar Solicitud<\/button><\/div><\/fieldset><\/form><div id='fluentform_1_errors' class='ff-errors-in-stack ff_form_instance_1_1 ff-form-loading_errors ff_form_instance_1_1_errors'><\/div><\/div>            <script type=\"text\/javascript\">\n                window.fluent_form_ff_form_instance_1_1 = {\"id\":\"1\",\"settings\":{\"layout\":{\"labelPlacement\":\"top\",\"helpMessagePlacement\":\"with_label\",\"errorMessagePlacement\":\"inline\",\"cssClassName\":\"\",\"asteriskPlacement\":\"asterisk-right\"},\"restrictions\":{\"denyEmptySubmission\":{\"enabled\":false}}},\"form_instance\":\"ff_form_instance_1_1\",\"form_id_selector\":\"fluentform_1\",\"rules\":{\"names[first_name]\":{\"required\":{\"value\":true,\"message\":\"Este campo es obligatorio\"}},\"names[middle_name]\":{\"required\":{\"value\":true,\"message\":\"Este campo es obligatorio\"}},\"names[last_name]\":{\"required\":{\"value\":false,\"message\":\"This field is required\"}},\"datetime\":{\"required\":{\"value\":true,\"message\":\"Este campo es obligatorio\"}},\"dropdown_1\":{\"required\":{\"value\":true,\"message\":\"Este campo es obligatorio\"}},\"dropdown\":{\"required\":{\"value\":true,\"message\":\"Este campo es obligatorio\"}},\"input_text_1\":{\"required\":{\"value\":true,\"message\":\"Este campo es obligatorio\"}},\"input_text\":{\"required\":{\"value\":true,\"message\":\"Este campo es obligatorio\"}},\"email\":{\"required\":{\"value\":true,\"message\":\"Este campo es obligatorio\"},\"email\":{\"value\":true,\"message\":\"Por favor, introduzca un email v\\u00e1lido\"}},\"description\":{\"required\":{\"value\":false,\"message\":\"This field is required\"}},\"checkbox\":{\"required\":{\"value\":false,\"message\":\"This field is required\"}},\"checkbox_1\":{\"required\":{\"value\":true,\"message\":\"Se ha de cumplir con esta condici\\u00f3n para poder ser colaborador de Jesed.\"}},\"g-recaptcha-response\":[]},\"debounce_time\":300};\n                            <\/script>\n            [\/vc_column_text][\/vc_column][\/vc_row]<\/p>\n<\/div>","protected":false},"excerpt":{"rendered":"<p>[vc_row bg_type=\u00bbimage\u00bb parallax_style=\u00bbvcpb-default\u00bb bg_image_new=\u00bbid^883|url^https:\/\/jesed.cat\/wp-content\/uploads\/2019\/07\/bg-art-church.png|caption^null|alt^null|title^bg-art-church|description^null\u00bb bg_image_repeat=\u00bbno-repeat\u00bb bg_override=\u00bbfull\u00bb enable_overlay=\u00bbenable_overlay_value\u00bb overlay_color=\u00bbrgba(52,66,30,0.5)\u00bb overlay_pattern_opacity=\u00bb10&#8243; css=\u00bb.vc_custom_1666111778179{padding-top: 15px !important;padding-bottom: 50px !important;}\u00bb][vc_column][\/vc_column][\/vc_row][vc_row][vc_column][vc_column_text]Contacta con nosotros rellenando el Formulario de Contacto con tus datos, y expr\u00e9sanos tu motivaci\u00f3n..[\/vc_column_text][\/vc_column][\/vc_row][vc_row full_width=\u00bbstretch_row\u00bb equal_height=\u00bbyes\u00bb content_placement=\u00bbtop\u00bb bg_type=\u00bbimage\u00bb parallax_style=\u00bbvcpb-default\u00bb bg_image_repeat=\u00bbno-repeat\u00bb bg_image_size=\u00bbinitial\u00bb bg_image_posiiton=\u00bbright bottom\u00bb][vc_column css=\u00bb.vc_custom_1562003235102{margin-bottom: 50px !important;}\u00bb][vc_column_text][\/vc_column_text][\/vc_column][\/vc_row]<\/p>\n","protected":false},"author":1,"featured_media":0,"parent":0,"menu_order":0,"comment_status":"closed","ping_status":"closed","template":"","meta":{"give_campaign_id":0,"footnotes":""},"class_list":["post-1811","page","type-page","status-publish","hentry","description-off"],"campaignId":"","_links":{"self":[{"href":"https:\/\/jesed.cat\/index.php\/wp-json\/wp\/v2\/pages\/1811","targetHints":{"allow":["GET"]}}],"collection":[{"href":"https:\/\/jesed.cat\/index.php\/wp-json\/wp\/v2\/pages"}],"about":[{"href":"https:\/\/jesed.cat\/index.php\/wp-json\/wp\/v2\/types\/page"}],"author":[{"embeddable":true,"href":"https:\/\/jesed.cat\/index.php\/wp-json\/wp\/v2\/users\/1"}],"replies":[{"embeddable":true,"href":"https:\/\/jesed.cat\/index.php\/wp-json\/wp\/v2\/comments?post=1811"}],"version-history":[{"count":5,"href":"https:\/\/jesed.cat\/index.php\/wp-json\/wp\/v2\/pages\/1811\/revisions"}],"predecessor-version":[{"id":1877,"href":"https:\/\/jesed.cat\/index.php\/wp-json\/wp\/v2\/pages\/1811\/revisions\/1877"}],"wp:attachment":[{"href":"https:\/\/jesed.cat\/index.php\/wp-json\/wp\/v2\/media?parent=1811"}],"curies":[{"name":"wp","href":"https:\/\/api.w.org\/{rel}","templated":true}]}}